{"id":307,"date":"2013-12-15T19:00:22","date_gmt":"2013-12-15T18:00:22","guid":{"rendered":"http:\/\/darrigan.net\/blog\/?page_id=307"},"modified":"2024-04-02T09:57:54","modified_gmt":"2024-04-02T07:57:54","slug":"activites-universitaires","status":"publish","type":"page","link":"https:\/\/darrigan.net\/blog\/activites-universitaires\/","title":{"rendered":"Activit\u00e9s universitaires"},"content":{"rendered":"<div class=\"item-page\">\n<p>M. Clovis Darrigan, Docteur en chimie physique<a href=\"https:\/\/darrigan.net\/blog\/wp-content\/uploads\/2021\/03\/LogoUPPAcouleurRVB.png\"><img decoding=\"async\" loading=\"lazy\" class=\"alignright wp-image-860\" src=\"https:\/\/darrigan.net\/blog\/wp-content\/uploads\/2021\/03\/LogoUPPAcouleurRVB.png\" alt=\"\" width=\"201\" height=\"90\" srcset=\"https:\/\/darrigan.net\/blog\/wp-content\/uploads\/2021\/03\/LogoUPPAcouleurRVB.png 850w, https:\/\/darrigan.net\/blog\/wp-content\/uploads\/2021\/03\/LogoUPPAcouleurRVB-300x135.png 300w, https:\/\/darrigan.net\/blog\/wp-content\/uploads\/2021\/03\/LogoUPPAcouleurRVB-768x345.png 768w, https:\/\/darrigan.net\/blog\/wp-content\/uploads\/2021\/03\/LogoUPPAcouleurRVB-624x280.png 624w\" sizes=\"(max-width: 201px) 100vw, 201px\" \/><\/a><\/p>\n<ul>\n<li>Ma\u00eetre de Conf\u00e9rences \u00e0 l&rsquo;<a href=\"https:\/\/www.univ-pau.fr\" target=\"_blank\" rel=\"noopener\">Universit\u00e9 de Pau et des Pays de l&rsquo;Adour<\/a> (UPPA), depuis 2003<\/li>\n<li>R\u00e9f\u00e9rent <a href=\"https:\/\/recherche.univ-pau.fr\/fr\/science-et-societe\/patrimoine-scientifique.html\" target=\"_blank\" rel=\"noopener\">Patrimoine et collections universitaires<\/a> (2023&#8230;)<\/li>\n<\/ul>\n<p>Contact : clovis.darrigan <em>chez<\/em>\u00a0univ-pau.fr (uniquement dans le cadre de l&rsquo;UPPA)<\/p>\n<ul>\n<li><a href=\"https:\/\/darrigan.net\/blog\/activites-universitaires\/responsabilites-administratives\/\">Responsabilit\u00e9s administratives<\/a><\/li>\n<li><a href=\"https:\/\/darrigan.net\/blog\/activites-universitaires\/enseignement-superieur\/\">Enseignement sup\u00e9rieur<\/a><\/li>\n<li><a href=\"https:\/\/darrigan.net\/blog\/activites-universitaires\/recherche-scientifique\/\">Recherche scientifique<\/a><\/li>\n<\/ul>\n<\/div>\n","protected":false},"excerpt":{"rendered":"<p>M. Clovis Darrigan, Docteur en chimie physique Ma\u00eetre de Conf\u00e9rences \u00e0 l&rsquo;Universit\u00e9 de Pau et des Pays de l&rsquo;Adour (UPPA), depuis 2003 R\u00e9f\u00e9rent Patrimoine et collections universitaires (2023&#8230;) Contact : clovis.darrigan chez\u00a0univ-pau.fr (uniquement dans le cadre de l&rsquo;UPPA) Responsabilit\u00e9s administratives Enseignement sup\u00e9rieur Recherche scientifique<\/p>\n","protected":false},"author":2,"featured_media":0,"parent":0,"menu_order":0,"comment_status":"closed","ping_status":"closed","template":"page-templates\/full-width.php","meta":[],"_links":{"self":[{"href":"https:\/\/darrigan.net\/blog\/wp-json\/wp\/v2\/pages\/307"}],"collection":[{"href":"https:\/\/darrigan.net\/blog\/wp-json\/wp\/v2\/pages"}],"about":[{"href":"https:\/\/darrigan.net\/blog\/wp-json\/wp\/v2\/types\/page"}],"author":[{"embeddable":true,"href":"https:\/\/darrigan.net\/blog\/wp-json\/wp\/v2\/users\/2"}],"replies":[{"embeddable":true,"href":"https:\/\/darrigan.net\/blog\/wp-json\/wp\/v2\/comments?post=307"}],"version-history":[{"count":17,"href":"https:\/\/darrigan.net\/blog\/wp-json\/wp\/v2\/pages\/307\/revisions"}],"predecessor-version":[{"id":1083,"href":"https:\/\/darrigan.net\/blog\/wp-json\/wp\/v2\/pages\/307\/revisions\/1083"}],"wp:attachment":[{"href":"https:\/\/darrigan.net\/blog\/wp-json\/wp\/v2\/media?parent=307"}],"curies":[{"name":"wp","href":"https:\/\/api.w.org\/{rel}","templated":true}]}}